{"id":13,"date":"2021-01-27T02:20:55","date_gmt":"2021-01-27T01:20:55","guid":{"rendered":"https:\/\/total.wpexplorer.com\/boomerang\/?page_id=13"},"modified":"2023-11-22T13:44:54","modified_gmt":"2023-11-22T12:44:54","slug":"aktualnosci","status":"publish","type":"page","link":"https:\/\/kspogon.com.pl\/","title":{"rendered":"Aktualno\u015bci"},"content":{"rendered":"","protected":false},"excerpt":{"rendered":"","protected":false},"author":1,"featured_media":0,"parent":0,"menu_order":0,"comment_status":"closed","ping_status":"closed","template":"templates\/blog-content-above.php","meta":{"footnotes":""},"class_list":["post-13","page","type-page","status-publish","hentry","entry","no-media"],"yoast_head":"<!-- This site is optimized with the Yoast SEO plugin v21.2 - https:\/\/yoast.com\/wordpress\/plugins\/seo\/ -->\n<title>Aktualno\u015bci - KS POGO\u0143 Ruda \u015al\u0105ska<\/title>\n<meta name=\"robots\" content=\"index, follow, max-snippet:-1, max-image-preview:large, max-video-preview:-1\" \/>\n<link rel=\"canonical\" href=\"https:\/\/kspogon.com.pl\/\" \/>\n<meta property=\"og:locale\" content=\"pl_PL\" \/>\n<meta property=\"og:type\" content=\"article\" \/>\n<meta property=\"og:title\" content=\"Aktualno\u015bci - KS POGO\u0143 Ruda \u015al\u0105ska\" \/>\n<meta property=\"og:url\" content=\"https:\/\/kspogon.com.pl\/\" \/>\n<meta property=\"og:site_name\" content=\"KS POGO\u0143 Ruda \u015al\u0105ska\" \/>\n<meta property=\"article:modified_time\" content=\"2023-11-22T12:44:54+00:00\" \/>\n<meta name=\"twitter:card\" content=\"summary_large_image\" \/>\n<script type=\"application\/ld+json\" class=\"yoast-schema-graph\">{\"@context\":\"https:\/\/schema.org\",\"@graph\":[{\"@type\":\"WebPage\",\"@id\":\"https:\/\/kspogon.com.pl\/\",\"url\":\"https:\/\/kspogon.com.pl\/\",\"name\":\"Aktualno\u015bci - KS POGO\u0143 Ruda \u015al\u0105ska\",\"isPartOf\":{\"@id\":\"https:\/\/kspogon.com.pl\/#website\"},\"datePublished\":\"2021-01-27T01:20:55+00:00\",\"dateModified\":\"2023-11-22T12:44:54+00:00\",\"breadcrumb\":{\"@id\":\"https:\/\/kspogon.com.pl\/#breadcrumb\"},\"inLanguage\":\"pl-PL\",\"potentialAction\":[{\"@type\":\"ReadAction\",\"target\":[\"https:\/\/kspogon.com.pl\/\"]}]},{\"@type\":\"BreadcrumbList\",\"@id\":\"https:\/\/kspogon.com.pl\/#breadcrumb\",\"itemListElement\":[{\"@type\":\"ListItem\",\"position\":1,\"name\":\"Home\",\"item\":\"https:\/\/kspogon.com.pl\/\"},{\"@type\":\"ListItem\",\"position\":2,\"name\":\"Aktualno\u015bci\"}]},{\"@type\":\"WebSite\",\"@id\":\"https:\/\/kspogon.com.pl\/#website\",\"url\":\"https:\/\/kspogon.com.pl\/\",\"name\":\"KS POGO\u0143 Ruda \u015al\u0105ska\",\"description\":\"\",\"publisher\":{\"@id\":\"https:\/\/kspogon.com.pl\/#organization\"},\"potentialAction\":[{\"@type\":\"SearchAction\",\"target\":{\"@type\":\"EntryPoint\",\"urlTemplate\":\"https:\/\/kspogon.com.pl\/?s={search_term_string}\"},\"query-input\":\"required name=search_term_string\"}],\"inLanguage\":\"pl-PL\"},{\"@type\":\"Organization\",\"@id\":\"https:\/\/kspogon.com.pl\/#organization\",\"name\":\"KS POGO\u0143 Ruda \u015al\u0105ska\",\"url\":\"https:\/\/kspogon.com.pl\/\",\"logo\":{\"@type\":\"ImageObject\",\"inLanguage\":\"pl-PL\",\"@id\":\"https:\/\/kspogon.com.pl\/#\/schema\/logo\/image\/\",\"url\":\"https:\/\/kspogon.com.pl\/wp-content\/uploads\/2022\/06\/images.png\",\"contentUrl\":\"https:\/\/kspogon.com.pl\/wp-content\/uploads\/2022\/06\/images.png\",\"width\":150,\"height\":168,\"caption\":\"KS POGO\u0143 Ruda \u015al\u0105ska\"},\"image\":{\"@id\":\"https:\/\/kspogon.com.pl\/#\/schema\/logo\/image\/\"}}]}<\/script>\n<!-- \/ Yoast SEO plugin. -->","yoast_head_json":{"title":"Aktualno\u015bci - KS POGO\u0143 Ruda \u015al\u0105ska","robots":{"index":"index","follow":"follow","max-snippet":"max-snippet:-1","max-image-preview":"max-image-preview:large","max-video-preview":"max-video-preview:-1"},"canonical":"https:\/\/kspogon.com.pl\/","og_locale":"pl_PL","og_type":"article","og_title":"Aktualno\u015bci - KS POGO\u0143 Ruda \u015al\u0105ska","og_url":"https:\/\/kspogon.com.pl\/","og_site_name":"KS POGO\u0143 Ruda \u015al\u0105ska","article_modified_time":"2023-11-22T12:44:54+00:00","twitter_card":"summary_large_image","schema":{"@context":"https:\/\/schema.org","@graph":[{"@type":"WebPage","@id":"https:\/\/kspogon.com.pl\/","url":"https:\/\/kspogon.com.pl\/","name":"Aktualno\u015bci - KS POGO\u0143 Ruda \u015al\u0105ska","isPartOf":{"@id":"https:\/\/kspogon.com.pl\/#website"},"datePublished":"2021-01-27T01:20:55+00:00","dateModified":"2023-11-22T12:44:54+00:00","breadcrumb":{"@id":"https:\/\/kspogon.com.pl\/#breadcrumb"},"inLanguage":"pl-PL","potentialAction":[{"@type":"ReadAction","target":["https:\/\/kspogon.com.pl\/"]}]},{"@type":"BreadcrumbList","@id":"https:\/\/kspogon.com.pl\/#breadcrumb","itemListElement":[{"@type":"ListItem","position":1,"name":"Home","item":"https:\/\/kspogon.com.pl\/"},{"@type":"ListItem","position":2,"name":"Aktualno\u015bci"}]},{"@type":"WebSite","@id":"https:\/\/kspogon.com.pl\/#website","url":"https:\/\/kspogon.com.pl\/","name":"KS POGO\u0143 Ruda \u015al\u0105ska","description":"","publisher":{"@id":"https:\/\/kspogon.com.pl\/#organization"},"potentialAction":[{"@type":"SearchAction","target":{"@type":"EntryPoint","urlTemplate":"https:\/\/kspogon.com.pl\/?s={search_term_string}"},"query-input":"required name=search_term_string"}],"inLanguage":"pl-PL"},{"@type":"Organization","@id":"https:\/\/kspogon.com.pl\/#organization","name":"KS POGO\u0143 Ruda \u015al\u0105ska","url":"https:\/\/kspogon.com.pl\/","logo":{"@type":"ImageObject","inLanguage":"pl-PL","@id":"https:\/\/kspogon.com.pl\/#\/schema\/logo\/image\/","url":"https:\/\/kspogon.com.pl\/wp-content\/uploads\/2022\/06\/images.png","contentUrl":"https:\/\/kspogon.com.pl\/wp-content\/uploads\/2022\/06\/images.png","width":150,"height":168,"caption":"KS POGO\u0143 Ruda \u015al\u0105ska"},"image":{"@id":"https:\/\/kspogon.com.pl\/#\/schema\/logo\/image\/"}}]}},"_links":{"self":[{"href":"https:\/\/kspogon.com.pl\/index.php?rest_route=\/wp\/v2\/pages\/13","targetHints":{"allow":["GET"]}}],"collection":[{"href":"https:\/\/kspogon.com.pl\/index.php?rest_route=\/wp\/v2\/pages"}],"about":[{"href":"https:\/\/kspogon.com.pl\/index.php?rest_route=\/wp\/v2\/types\/page"}],"author":[{"embeddable":true,"href":"https:\/\/kspogon.com.pl\/index.php?rest_route=\/wp\/v2\/users\/1"}],"replies":[{"embeddable":true,"href":"https:\/\/kspogon.com.pl\/index.php?rest_route=%2Fwp%2Fv2%2Fcomments&post=13"}],"version-history":[{"count":3,"href":"https:\/\/kspogon.com.pl\/index.php?rest_route=\/wp\/v2\/pages\/13\/revisions"}],"predecessor-version":[{"id":1339,"href":"https:\/\/kspogon.com.pl\/index.php?rest_route=\/wp\/v2\/pages\/13\/revisions\/1339"}],"wp:attachment":[{"href":"https:\/\/kspogon.com.pl\/index.php?rest_route=%2Fwp%2Fv2%2Fmedia&parent=13"}],"curies":[{"name":"wp","href":"https:\/\/api.w.org\/{rel}","templated":true}]}}