{"id":2996,"date":"2025-10-14T23:14:37","date_gmt":"2025-10-14T21:14:37","guid":{"rendered":"https:\/\/kspogon.com.pl\/?page_id=2996"},"modified":"2026-02-23T00:09:15","modified_gmt":"2026-02-22T23:09:15","slug":"2996-2","status":"publish","type":"page","link":"https:\/\/kspogon.com.pl\/?page_id=2996","title":{"rendered":"II Liga kobiet sezon 2025-26"},"content":{"rendered":"<p><span style=\"color: #ff0000;\"><img loading=\"lazy\" decoding=\"async\" class=\"alignnone size-full wp-image-3136\" src=\"https:\/\/kspogon.com.pl\/wp-content\/uploads\/2025\/11\/583899994_1456974139765288_4249514533370739574_n.jpg\" alt=\"\" width=\"1200\" height=\"833\" \/>.<\/span><\/p>\n<p><span style=\"color: #ff0000;\">Terminarz wyniki runda\u00a0 pierwsza\u00a0<\/span><\/p>\n<p><span style=\"color: #0000ff;\">KS Pogo\u0144 Ruda \u015al\u0105ska &#8211; \u017bKK Olimpia Wodzis\u0142aw \u015al\u0105ski\u00a0 \u00a0<strong>66 : 54\u00a0<\/strong> \u00a0(18:14, 13:17, 20:10, 15:13)<\/span><br \/>\n<span style=\"color: #000000;\"><strong>Punkty:<\/strong> Oleksy 14, Wawrynkiewicz 11, Nowak 9, Buchczik 8, Faber 6, Oleksy 5, Gomoluch 4, Lupa 4, Stec 2, Bulik 2, Zuza 1<br \/>\n<\/span><span style=\"color: #0000ff;\">MKS MOS AZS U\u015a Katowice &#8211; KS Pogo\u0144 Ruda \u015al\u0105ska<strong>\u00a0 82 : 51<\/strong>\u00a0 (20:18, 27:14, 23:7, 12:12)<\/span><br \/>\n<strong><span style=\"color: #000000;\">Punkty: <\/span><\/strong><span style=\"color: #000000;\">Faber 12, Stec 10, Zuza 9, Oleksy-Rado\u0144ska 5, Nowak 5, Buchczik 3, Wiliczy\u0144ski 3, Oleksy 2, Kuchta 2,\u00a0<\/span><strong><span style=\"color: #000000;\"><br \/>\n<\/span><\/strong><span style=\"color: #0000ff;\">\u00a0KS Pogo\u0144 Ruda \u015al\u0105ska &#8211; MKS MOS Wroc\u0142aw\u00a0 <strong>58 : 71<\/strong>\u00a0 (12:16, 16:23, 16:17, 14:15)<\/span><br \/>\n<span style=\"color: #000000;\"><strong>Punkty:<\/strong> Faber 14, Wilczy\u0144ska 8, Stec 7, Oleksy 7, Nowak 6, Buchczik 5, Flaszewska 4,\u00a0 Gomoluch 2, Chrobot 2, Bulik 2,\u00a0 \u00a0Lupa<br \/>\n<\/span><strong><span style=\"color: #000000;\"><span style=\"color: #0000ff;\">MUKS<\/span> <\/span><\/strong><span style=\"color: #0000ff;\">Chrobry Basket G\u0142ucho\u0142azy &#8211; KS Pogo\u0144 Ruda \u015al\u0105ska\u00a0 <strong>\u00a057 : 36<\/strong>\u00a0 (19:8, 13:14, 13:10, 12:4)<\/span><br \/>\n<span style=\"color: #000000;\"><strong>Punkty:<\/strong> Nowak 9, Oleksy 7, Chrobot 7, Faber 4, Wilczy\u0144ska 3, Zuza 2, Stec 2, Buchczik 2<br \/>\n<span style=\"color: #0000ff;\">KS Pogo\u0144 Ruda \u015al\u0105ska &#8211; RKK AZS Racib\u00f3rz\u00a0 \u00a0<\/span><\/span><span style=\"color: #0000ff;\"><strong>86 : 62\u00a0<\/strong> (22:8, 19:18, 30:17, 15:19)<\/span><br \/>\n<span style=\"color: #000000;\"><strong>Punkty:<\/strong> Nowak 18, Chrobot 16, Buchczik 13, Dominika Oleksy-Rado\u0144ska 10, Bulik 8, Stec 8, Faber 4, Lupa 3, Oleksy 2, Kucharzewska 2, Wilczy\u0144ska 2<br \/>\n<\/span><span style=\"color: #0000ff;\">KS Pogo\u0144 Ruda \u015al\u0105ska &#8211; Stal Brzeg\u00a0 \u00a0<strong>93 : 49<\/strong>\u00a0 (25:9, 25:15, 19:10, 24:15).<\/span><br \/>\n<span style=\"color: #000000;\"><strong>Punkty:<\/strong> Buchczik 30,\u00a0 Chrobot 15, Faber 13, Nowak 12, Kuchta 6, Dominika Oleksy- Rado\u0144ska 6, Wilczy\u0144ska 5, Oleksy 2, Zuza 2, Stec 2,<br \/>\n<\/span><span style=\"color: #0000ff;\">ISWJ Wis\u0142a &#8211; KS Pogo\u0144 Ruda \u015al\u0105ska<strong>\u00a0 59 : 65<\/strong>\u00a0 (13:17, 19:12, 13:21, 14:15)<\/span><br \/>\n<span style=\"color: #000000;\"><strong>Punkty:<\/strong> Faber 16, Buchczik 13, Oleksy 11, Nowak 11, Stec 9, Wilczy\u0144ska 3, Kuchta 2,<br \/>\n<\/span><span style=\"color: #0000ff;\">\u017bKK Olimpia Wodzis\u0142aw \u015al\u0105ski &#8211; KS Pogo\u0144 Ruda \u015al\u0105ska\u00a0 \u00a0<strong>80 : 76<\/strong>\u00a0 (27:22, 15:10, 20:20, 18:24)<\/span><br \/>\n<span style=\"color: #000000;\"><strong>Punkty:<\/strong>\u00a0 Oleksy 21, Buchczik 18, Nowak 15, Stec 11, Faber 7, Dominika Oleksy- Rado\u0144ska 3, Zuza 1<br \/>\n<\/span><span style=\"color: #0000ff;\">KS Pogo\u0144 Ruda \u015al\u0105ska &#8211; MKS MOS AZS U\u015a Katowice<strong>\u00a0 \u00a038 : 58<\/strong>\u00a0 (7:16, 19:14, 6:14, 6:14)<\/span><br \/>\n<span style=\"color: #000000;\"><strong>Punkty:<\/strong> Buchczik 18, Flaszewska 4,\u00a0Oleksy-Rado\u0144ska, Wilczy\u0144ska 4, Kuchta 3, Nowa 2, Stec 2, Faber 1<br \/>\n<\/span><span style=\"color: #0000ff;\">MKS MOS Wroc\u0142aw &#8211; KS Pogo\u0144 Ruda \u015al\u0105ska\u00a0 \u00a0<strong>67 : 56<\/strong>\u00a0 (23:8, 22:19, 16:19, 6:10)<\/span><br \/>\n<span style=\"color: #000000;\"><strong>Punkty:<\/strong> Buchczik 19, Oleksy-Rado\u0144ska 14, Oleksy 11, Lupa 6, Chrobot 4, Kuchta 2<br \/>\n<\/span><span style=\"color: #0000ff;\">KS Pogo\u0144 Ruda \u015al\u0105ska &#8211; MUKS Chrobry Basket G\u0142ucho\u0142azy\u00a0 <strong>62 : 69\u00a0<\/strong> (13:17, 24:23, 11:16, 14:13)<\/span><br \/>\n<span style=\"color: #000000;\">Punkty: Nowak 19, Oleksy 14, Buchczik 11, Chrobot 7,\u00a0\u00a0Dominika Oleksy- Rado\u0144ska 5, Wilczy\u0144ska 4, Stec 2<br \/>\n<\/span><span style=\"color: #0000ff;\">RKK AZS Racib\u00f3rz &#8211; KS Pogo\u0144 Ruda \u015al\u0105ska\u00a0 <strong>63 : 68<\/strong>\u00a0 (14:16, 16:17, 19:15, 14:20)<\/span><br \/>\n<span style=\"color: #000000;\"><strong>Punkty:<\/strong> Nowak 23, Oleksy 16, Chrobot 10, Buchczuk 8, Dominika Oleksy- Rado\u0144ska 4, Bulik 3, Flaszewska 2, Lupa 2<br \/>\n<\/span><span style=\"color: #0000ff;\">Stal Brzeg &#8211; KS Pogo\u0144 Ruda \u015al\u0105ska\u00a0 52 : 98\u00a0 (15:24, 12:25, 7:27, 18:22)<\/span><br \/>\n<span style=\"color: #000000;\"><strong>Punkty:<\/strong> Buchczik 28, Nowak 17, Flaszewska 16, Zuza 10, Chrobot 9, Lupa 4, Kucharzewska 3, Kuchta 2, Dominika Oleksy- Rado\u0144ska 4<br \/>\n<\/span><span style=\"color: #0000ff;\">KS Pogo\u0144 Ruda \u015al\u0105ska &#8211; ISWJ Wis\u0142a\u00a083 : 46\u00a0 (21:14, 15:11, 23:5, 24:16)<\/span><br \/>\n<span style=\"color: #000000;\">Punkty: Nowak 19, Buchczik 18, Flaszewska 16, Dominika Oleksy- Rado\u0144ska 4 5, Kucharzewska 4, Lupa 3, Oleksy 2, Bulik 2, Zuza 1,<\/span><\/p>\n<p>.<\/p>\n<p><span style=\"color: #000000;\">Ilo\u015b\u0107 rozegranych mecz \/ Punkty\u00a0 \/ tr\u00f3jki<br \/>\nMartyna Buchczik 14 meczy 194 pkt. 7&#215;3<\/span><br \/>\n<span style=\"color: #000000;\">Natalia Nowak 13\u00a0 \/ 165<\/span><br \/>\n<span style=\"color: #000000;\">Hanna Oleksy 13\u00a0 \/ 109\u00a0 \/ 10 <\/span><br \/>\n<span style=\"color: #000000;\">Klaudia Chrobot 9 \/ 80\u00a0 \/ 7 <\/span><br \/>\n<span style=\"color: #000000;\">Natalia Faber 9 \/ 77 \/ 8\u00a0<\/span><br \/>\n<span style=\"color: #000000;\">Dominika Oleksy-Rado\u0144ska 14 \/ 70\u00a0 \/ 16 <\/span><br \/>\n<span style=\"color: #000000;\">Katarzyna Stec 13 \/ 58\u00a0 \/ 8\u00a0<\/span><br \/>\n<span style=\"color: #000000;\">Zuzanna Wilczy\u0144ska 11 \/ 43\u00a0 \/ 2\u00a0<\/span><br \/>\n<span style=\"color: #000000;\">Martyna Flaszewska 7 \/ 42\u00a0 \/ 1\u00a0\u00a0<\/span><br \/>\n<span style=\"color: #000000;\">Paulina Zuza 8 \/ 26\u00a0\u00a0<\/span><br \/>\n<span style=\"color: #000000;\">Karina Lupa 8\u00a0 \/ 23\u00a0 \u00a01\u00a0<\/span><br \/>\n<span style=\"color: #000000;\">Julia Kuchta 8 \/ 17\u00a0 \/ 1\u00a0<\/span><br \/>\n<span style=\"color: #000000;\">Wiktoria Bulik 13 \/ 17\u00a0<\/span><br \/>\n<span style=\"color: #000000;\">Anna Kucharzewska 6 \/ 9\u00a0 \/1<\/span><br \/>\n<span style=\"color: #000000;\">Agnieszka Gomoluch 3 \/ 6\u00a0<\/span><br \/>\n.<\/p>\n<table cellspacing=\"0\" cellpadding=\"0\">\n<thead>\n<tr>\n<th>m<\/th>\n<th>dru\u017cyna<\/th>\n<th>pkt<\/th>\n<th>mecze<\/th>\n<th>zw. &#8211; por.<\/th>\n<th>dom<\/th>\n<th>wyjazd<\/th>\n<th>pkt. zd. &#8211; pkt. str.<\/th>\n<th>r\u00f3\u017cnica<\/th>\n<th>stosunek<\/th>\n<\/tr>\n<\/thead>\n<tbody>\n<tr>\n<td>1<\/td>\n<td><a href=\"https:\/\/slzkosz.pl\/liga\/35\/druzyny\/d\/13574\/mks-mos-azs-us-katowice.html\">MKS MOS AZS U\u015a Katowice <\/a><\/td>\n<td>27<\/td>\n<td>14<\/td>\n<td>13 &#8211; 1<\/td>\n<td>7 &#8211; 0<\/td>\n<td>6 &#8211; 1<\/td>\n<td>1162 &#8211; 814<\/td>\n<td>+348<\/td>\n<td>1.4275<\/td>\n<\/tr>\n<tr>\n<td>2<\/td>\n<td><a href=\"https:\/\/slzkosz.pl\/liga\/35\/druzyny\/d\/9117\/muks-chrobry-basket-glucholazy.html\">Chrobry Basket G\u0142ucho\u0142azy <\/a><\/td>\n<td>26<\/td>\n<td>14<\/td>\n<td>12 &#8211; 2<\/td>\n<td>6 &#8211; 1<\/td>\n<td>6 &#8211; 1<\/td>\n<td>1007 &#8211; 713<\/td>\n<td>+294<\/td>\n<td>1.4123<\/td>\n<\/tr>\n<tr>\n<td>3<\/td>\n<td><a href=\"https:\/\/slzkosz.pl\/liga\/35\/druzyny\/d\/13713\/mks-mos-betard-wroclaw.html\">MKS MOS Betard Wroc\u0142aw <\/a><\/td>\n<td>25<\/td>\n<td>14<\/td>\n<td>11 &#8211; 3<\/td>\n<td>6 &#8211; 1<\/td>\n<td>5 &#8211; 2<\/td>\n<td>1137 &#8211; 830<\/td>\n<td>+307<\/td>\n<td>1.3699<\/td>\n<\/tr>\n<tr>\n<td>4<\/td>\n<td><a href=\"https:\/\/slzkosz.pl\/liga\/35\/druzyny\/d\/13496\/ks-pogon-ruda-slaska-.html\">Pogo\u0144 Ruda \u015al\u0105ska <\/a><\/td>\n<td>21<\/td>\n<td>14<\/td>\n<td>7 &#8211; 7<\/td>\n<td>4 &#8211; 3<\/td>\n<td>3 &#8211; 4<\/td>\n<td>936 &#8211; 869<\/td>\n<td>+67<\/td>\n<td>1.0771<\/td>\n<\/tr>\n<tr>\n<td>5<\/td>\n<td><a href=\"https:\/\/slzkosz.pl\/liga\/35\/druzyny\/d\/13598\/zkk-olimpia-wodzislaw-slaski.html\">\u017bKK Olimpia Wodzis\u0142aw \u015al. <\/a><\/td>\n<td>21<\/td>\n<td>14<\/td>\n<td>7 &#8211; 7<\/td>\n<td>4 &#8211; 3<\/td>\n<td>3 &#8211; 4<\/td>\n<td>1007 &#8211; 1018<\/td>\n<td>-11<\/td>\n<td>0.9892<\/td>\n<\/tr>\n<tr>\n<td>6<\/td>\n<td><a href=\"https:\/\/slzkosz.pl\/liga\/35\/druzyny\/d\/960\/rkk-azs-raciborz.html\">RKK AZS Racib\u00f3rz <\/a><\/td>\n<td>17<\/td>\n<td>14<\/td>\n<td>3 &#8211; 11<\/td>\n<td>2 &#8211; 5<\/td>\n<td>1 &#8211; 6<\/td>\n<td>871 &#8211; 1079<\/td>\n<td>-208<\/td>\n<td>0.8072<\/td>\n<\/tr>\n<tr>\n<td>7<\/td>\n<td><a href=\"https:\/\/slzkosz.pl\/liga\/35\/druzyny\/d\/6796\/iswj-wisla.html\">ISWJ Wis\u0142a <\/a><\/td>\n<td>15<\/td>\n<td>13<\/td>\n<td>2 &#8211; 11<\/td>\n<td>1 &#8211; 5<\/td>\n<td>1 &#8211; 6<\/td>\n<td>795 &#8211; 1038<\/td>\n<td>-243<\/td>\n<td>0.7659<\/td>\n<\/tr>\n<tr>\n<td>8<\/td>\n<td><a href=\"https:\/\/slzkosz.pl\/liga\/35\/druzyny\/d\/13634\/stal-brzeg.html\">Stal Brzeg <\/a><\/td>\n<td>13<\/td>\n<td>13<\/td>\n<td>0 &#8211; 13<\/td>\n<td>0 &#8211; 7<\/td>\n<td>0 &#8211; 6<\/td>\n<td>675 &#8211; 1229<\/td>\n<td>-554<\/td>\n<td>0.5492<\/td>\n<\/tr>\n<\/tbody>\n<\/table>\n<p>.<\/p>\n<p><img loading=\"lazy\" decoding=\"async\" class=\"alignnone size-full wp-image-3024\" src=\"https:\/\/kspogon.com.pl\/wp-content\/uploads\/2025\/10\/564612483_1425634532899249_3199808196269872280_n.jpg\" alt=\"\" width=\"1080\" height=\"1620\" \/><\/p>\n","protected":false},"excerpt":{"rendered":"<p>. Terminarz wyniki runda\u00a0 pierwsza\u00a0 KS Pogo\u0144 Ruda \u015al\u0105ska &#8211; \u017bKK Olimpia Wodzis\u0142aw \u015al\u0105ski\u00a0 \u00a066 : 54\u00a0 \u00a0(18:14, 13:17, 20:10, 15:13) Punkty: Oleksy 14, Wawrynkiewicz 11, Nowak 9, Buchczik 8, Faber 6, Oleksy 5, Gomoluch 4, Lupa 4, Stec 2, Bulik 2, Zuza 1 MKS MOS AZS U\u015a Katowice &#8211; KS Pogo\u0144 Ruda \u015al\u0105ska\u00a0 82&hellip;<\/p>\n","protected":false},"author":2,"featured_media":0,"parent":0,"menu_order":0,"comment_status":"closed","ping_status":"closed","template":"","meta":{"footnotes":""},"class_list":["post-2996","page","type-page","status-publish","hentry","entry","no-media"],"yoast_head":"<!-- This site is optimized with the Yoast SEO plugin v21.2 - https:\/\/yoast.com\/wordpress\/plugins\/seo\/ -->\n<title>II Liga kobiet sezon 2025-26 - KS POGO\u0143 Ruda \u015al\u0105ska<\/title>\n<meta name=\"robots\" content=\"index, follow, max-snippet:-1, max-image-preview:large, max-video-preview:-1\" \/>\n<link rel=\"canonical\" href=\"https:\/\/kspogon.com.pl\/?page_id=2996\" \/>\n<meta property=\"og:locale\" content=\"pl_PL\" \/>\n<meta property=\"og:type\" content=\"article\" \/>\n<meta property=\"og:title\" content=\"II Liga kobiet sezon 2025-26 - KS POGO\u0143 Ruda \u015al\u0105ska\" \/>\n<meta property=\"og:description\" content=\". Terminarz wyniki runda\u00a0 pierwsza\u00a0 KS Pogo\u0144 Ruda \u015al\u0105ska &#8211; \u017bKK Olimpia Wodzis\u0142aw \u015al\u0105ski\u00a0 \u00a066 : 54\u00a0 \u00a0(18:14, 13:17, 20:10, 15:13) Punkty: Oleksy 14, Wawrynkiewicz 11, Nowak 9, Buchczik 8, Faber 6, Oleksy 5, Gomoluch 4, Lupa 4, Stec 2, Bulik 2, Zuza 1 MKS MOS AZS U\u015a Katowice &#8211; KS Pogo\u0144 Ruda \u015al\u0105ska\u00a0 82&hellip;\" \/>\n<meta property=\"og:url\" content=\"https:\/\/kspogon.com.pl\/?page_id=2996\" \/>\n<meta property=\"og:site_name\" content=\"KS POGO\u0143 Ruda \u015al\u0105ska\" \/>\n<meta property=\"article:modified_time\" content=\"2026-02-22T23:09:15+00:00\" \/>\n<meta property=\"og:image\" content=\"https:\/\/kspogon.com.pl\/wp-content\/uploads\/2025\/11\/583899994_1456974139765288_4249514533370739574_n.jpg\" \/>\n<meta name=\"twitter:card\" content=\"summary_large_image\" \/>\n<meta name=\"twitter:label1\" content=\"Szacowany czas czytania\" \/>\n\t<meta name=\"twitter:data1\" content=\"5 minut\" \/>\n<script type=\"application\/ld+json\" class=\"yoast-schema-graph\">{\"@context\":\"https:\/\/schema.org\",\"@graph\":[{\"@type\":\"WebPage\",\"@id\":\"https:\/\/kspogon.com.pl\/?page_id=2996\",\"url\":\"https:\/\/kspogon.com.pl\/?page_id=2996\",\"name\":\"II Liga kobiet sezon 2025-26 - KS POGO\u0143 Ruda \u015al\u0105ska\",\"isPartOf\":{\"@id\":\"https:\/\/kspogon.com.pl\/#website\"},\"datePublished\":\"2025-10-14T21:14:37+00:00\",\"dateModified\":\"2026-02-22T23:09:15+00:00\",\"breadcrumb\":{\"@id\":\"https:\/\/kspogon.com.pl\/?page_id=2996#breadcrumb\"},\"inLanguage\":\"pl-PL\",\"potentialAction\":[{\"@type\":\"ReadAction\",\"target\":[\"https:\/\/kspogon.com.pl\/?page_id=2996\"]}]},{\"@type\":\"BreadcrumbList\",\"@id\":\"https:\/\/kspogon.com.pl\/?page_id=2996#breadcrumb\",\"itemListElement\":[{\"@type\":\"ListItem\",\"position\":1,\"name\":\"Home\",\"item\":\"https:\/\/kspogon.com.pl\/\"},{\"@type\":\"ListItem\",\"position\":2,\"name\":\"II Liga kobiet sezon 2025-26\"}]},{\"@type\":\"WebSite\",\"@id\":\"https:\/\/kspogon.com.pl\/#website\",\"url\":\"https:\/\/kspogon.com.pl\/\",\"name\":\"KS POGO\u0143 Ruda \u015al\u0105ska\",\"description\":\"\",\"publisher\":{\"@id\":\"https:\/\/kspogon.com.pl\/#organization\"},\"potentialAction\":[{\"@type\":\"SearchAction\",\"target\":{\"@type\":\"EntryPoint\",\"urlTemplate\":\"https:\/\/kspogon.com.pl\/?s={search_term_string}\"},\"query-input\":\"required name=search_term_string\"}],\"inLanguage\":\"pl-PL\"},{\"@type\":\"Organization\",\"@id\":\"https:\/\/kspogon.com.pl\/#organization\",\"name\":\"KS POGO\u0143 Ruda \u015al\u0105ska\",\"url\":\"https:\/\/kspogon.com.pl\/\",\"logo\":{\"@type\":\"ImageObject\",\"inLanguage\":\"pl-PL\",\"@id\":\"https:\/\/kspogon.com.pl\/#\/schema\/logo\/image\/\",\"url\":\"https:\/\/kspogon.com.pl\/wp-content\/uploads\/2022\/06\/images.png\",\"contentUrl\":\"https:\/\/kspogon.com.pl\/wp-content\/uploads\/2022\/06\/images.png\",\"width\":150,\"height\":168,\"caption\":\"KS POGO\u0143 Ruda \u015al\u0105ska\"},\"image\":{\"@id\":\"https:\/\/kspogon.com.pl\/#\/schema\/logo\/image\/\"}}]}<\/script>\n<!-- \/ Yoast SEO plugin. -->","yoast_head_json":{"title":"II Liga kobiet sezon 2025-26 - KS POGO\u0143 Ruda \u015al\u0105ska","robots":{"index":"index","follow":"follow","max-snippet":"max-snippet:-1","max-image-preview":"max-image-preview:large","max-video-preview":"max-video-preview:-1"},"canonical":"https:\/\/kspogon.com.pl\/?page_id=2996","og_locale":"pl_PL","og_type":"article","og_title":"II Liga kobiet sezon 2025-26 - KS POGO\u0143 Ruda \u015al\u0105ska","og_description":". Terminarz wyniki runda\u00a0 pierwsza\u00a0 KS Pogo\u0144 Ruda \u015al\u0105ska &#8211; \u017bKK Olimpia Wodzis\u0142aw \u015al\u0105ski\u00a0 \u00a066 : 54\u00a0 \u00a0(18:14, 13:17, 20:10, 15:13) Punkty: Oleksy 14, Wawrynkiewicz 11, Nowak 9, Buchczik 8, Faber 6, Oleksy 5, Gomoluch 4, Lupa 4, Stec 2, Bulik 2, Zuza 1 MKS MOS AZS U\u015a Katowice &#8211; KS Pogo\u0144 Ruda \u015al\u0105ska\u00a0 82&hellip;","og_url":"https:\/\/kspogon.com.pl\/?page_id=2996","og_site_name":"KS POGO\u0143 Ruda \u015al\u0105ska","article_modified_time":"2026-02-22T23:09:15+00:00","og_image":[{"url":"https:\/\/kspogon.com.pl\/wp-content\/uploads\/2025\/11\/583899994_1456974139765288_4249514533370739574_n.jpg"}],"twitter_card":"summary_large_image","twitter_misc":{"Szacowany czas czytania":"5 minut"},"schema":{"@context":"https:\/\/schema.org","@graph":[{"@type":"WebPage","@id":"https:\/\/kspogon.com.pl\/?page_id=2996","url":"https:\/\/kspogon.com.pl\/?page_id=2996","name":"II Liga kobiet sezon 2025-26 - KS POGO\u0143 Ruda \u015al\u0105ska","isPartOf":{"@id":"https:\/\/kspogon.com.pl\/#website"},"datePublished":"2025-10-14T21:14:37+00:00","dateModified":"2026-02-22T23:09:15+00:00","breadcrumb":{"@id":"https:\/\/kspogon.com.pl\/?page_id=2996#breadcrumb"},"inLanguage":"pl-PL","potentialAction":[{"@type":"ReadAction","target":["https:\/\/kspogon.com.pl\/?page_id=2996"]}]},{"@type":"BreadcrumbList","@id":"https:\/\/kspogon.com.pl\/?page_id=2996#breadcrumb","itemListElement":[{"@type":"ListItem","position":1,"name":"Home","item":"https:\/\/kspogon.com.pl\/"},{"@type":"ListItem","position":2,"name":"II Liga kobiet sezon 2025-26"}]},{"@type":"WebSite","@id":"https:\/\/kspogon.com.pl\/#website","url":"https:\/\/kspogon.com.pl\/","name":"KS POGO\u0143 Ruda \u015al\u0105ska","description":"","publisher":{"@id":"https:\/\/kspogon.com.pl\/#organization"},"potentialAction":[{"@type":"SearchAction","target":{"@type":"EntryPoint","urlTemplate":"https:\/\/kspogon.com.pl\/?s={search_term_string}"},"query-input":"required name=search_term_string"}],"inLanguage":"pl-PL"},{"@type":"Organization","@id":"https:\/\/kspogon.com.pl\/#organization","name":"KS POGO\u0143 Ruda \u015al\u0105ska","url":"https:\/\/kspogon.com.pl\/","logo":{"@type":"ImageObject","inLanguage":"pl-PL","@id":"https:\/\/kspogon.com.pl\/#\/schema\/logo\/image\/","url":"https:\/\/kspogon.com.pl\/wp-content\/uploads\/2022\/06\/images.png","contentUrl":"https:\/\/kspogon.com.pl\/wp-content\/uploads\/2022\/06\/images.png","width":150,"height":168,"caption":"KS POGO\u0143 Ruda \u015al\u0105ska"},"image":{"@id":"https:\/\/kspogon.com.pl\/#\/schema\/logo\/image\/"}}]}},"_links":{"self":[{"href":"https:\/\/kspogon.com.pl\/index.php?rest_route=\/wp\/v2\/pages\/2996","targetHints":{"allow":["GET"]}}],"collection":[{"href":"https:\/\/kspogon.com.pl\/index.php?rest_route=\/wp\/v2\/pages"}],"about":[{"href":"https:\/\/kspogon.com.pl\/index.php?rest_route=\/wp\/v2\/types\/page"}],"author":[{"embeddable":true,"href":"https:\/\/kspogon.com.pl\/index.php?rest_route=\/wp\/v2\/users\/2"}],"replies":[{"embeddable":true,"href":"https:\/\/kspogon.com.pl\/index.php?rest_route=%2Fwp%2Fv2%2Fcomments&post=2996"}],"version-history":[{"count":21,"href":"https:\/\/kspogon.com.pl\/index.php?rest_route=\/wp\/v2\/pages\/2996\/revisions"}],"predecessor-version":[{"id":3387,"href":"https:\/\/kspogon.com.pl\/index.php?rest_route=\/wp\/v2\/pages\/2996\/revisions\/3387"}],"wp:attachment":[{"href":"https:\/\/kspogon.com.pl\/index.php?rest_route=%2Fwp%2Fv2%2Fmedia&parent=2996"}],"curies":[{"name":"wp","href":"https:\/\/api.w.org\/{rel}","templated":true}]}}